{"id":231,"date":"2016-04-27T14:02:39","date_gmt":"2016-04-27T14:02:39","guid":{"rendered":"https:\/\/kryptogenesis.com.co\/kportal\/?page_id=231"},"modified":"2019-03-27T11:16:29","modified_gmt":"2019-03-27T16:16:29","slug":"pagina-de-inicio","status":"publish","type":"page","link":"https:\/\/kryptogenesis.com.co\/","title":{"rendered":"P\u00e1gina de inicio"},"content":{"rendered":"<div id=\"pl-231\"  class=\"panel-layout\" ><div id=\"pg-231-0\"  class=\"panel-grid panel-no-style\" ><div id=\"pgc-231-0-0\"  class=\"panel-grid-cell\" ><div id=\"panel-231-0-0-0\" class=\"so-panel widget widget_circleicon-widget panel-first-child panel-last-child\" data-index=\"0\" >\t\t<div class=\"circle-icon-box circle-icon-position-top circle-icon-hide-box circle-icon-size-medium \">\n\t\t\t\t\t\t\t<div class=\"circle-icon-wrapper\">\n\t\t\t\t\t<a href=\"https:\/\/kryptogenesis.com.co\/kportal\/kryptogenesis\/\" class=\"link-icon\" >\t\t\t\t\t<div class=\"circle-icon icon-style-set\" style=\"background-image: url(https:\/\/kryptogenesis.com.co\/kportal\/wp-content\/uploads\/2016\/04\/krypto_icon_home.png);background-color: #ffffff\">\n\t\t\t\t\t\t\t\t\t\t\t<\/div>\n\t\t\t\t\t<\/a>\t\t\t\t<\/div>\n\t\t\t\n\t\t\t<a href=\"https:\/\/kryptogenesis.com.co\/kportal\/kryptogenesis\/\" class=\"link-title\" >\t\t\t<h4 >Kryptog\u00e9nesis<\/h4>\t\t\t<\/a>\n\t\t\t<p class=\"text\" >Somos una empresa Colombiana, con amplia experiencia en la soluci\u00f3n de problemas en el \u00e1rea de la seguridad de la informaci\u00f3n, garantizando un crecimiento empresarial a nuestros clientes.<\/p>\t\t\t\t\t\t\t<a href=\"https:\/\/kryptogenesis.com.co\/kportal\/kryptogenesis\/\" class=\"more-button\" >Ver M\u00e1s <i><\/i><\/a>\n\t\t\t\t\t<\/div>\n\t\t<\/div><\/div><div id=\"pgc-231-0-1\"  class=\"panel-grid-cell\" ><div id=\"panel-231-0-1-0\" class=\"so-panel widget widget_circleicon-widget panel-first-child panel-last-child\" data-index=\"1\" >\t\t<div class=\"circle-icon-box circle-icon-position-top circle-icon-hide-box circle-icon-size-medium \">\n\t\t\t\t\t\t\t<div class=\"circle-icon-wrapper\">\n\t\t\t\t\t<a href=\"https:\/\/kryptogenesis.com.co\/kportal\/it-group\/\" class=\"link-icon\" >\t\t\t\t\t<div class=\"circle-icon icon-style-set\" style=\"background-image: url(https:\/\/kryptogenesis.com.co\/kportal\/wp-content\/uploads\/2016\/04\/igroup_icon_home.png);background-color: #ffffff\">\n\t\t\t\t\t\t\t\t\t\t\t<\/div>\n\t\t\t\t\t<\/a>\t\t\t\t<\/div>\n\t\t\t\n\t\t\t<a href=\"https:\/\/kryptogenesis.com.co\/kportal\/it-group\/\" class=\"link-title\" >\t\t\t<h4 >It Group<\/h4>\t\t\t<\/a>\n\t\t\t<p class=\"text\" >IT GROUP nace como una soluci\u00f3n eficaz dentro del mercado de desarrollo y producci\u00f3n inform\u00e1tica con soluciones al alcance del consumidor.<\/p>\t\t\t\t\t\t\t<a href=\"https:\/\/kryptogenesis.com.co\/kportal\/it-group\/\" class=\"more-button\" >Ver M\u00e1s <i><\/i><\/a>\n\t\t\t\t\t<\/div>\n\t\t<\/div><\/div><div id=\"pgc-231-0-2\"  class=\"panel-grid-cell\" ><div id=\"panel-231-0-2-0\" class=\"so-panel widget widget_circleicon-widget panel-first-child panel-last-child\" data-index=\"2\" >\t\t<div class=\"circle-icon-box circle-icon-position-top circle-icon-hide-box circle-icon-size-medium \">\n\t\t\t\t\t\t\t<div class=\"circle-icon-wrapper\">\n\t\t\t\t\t<a href=\"https:\/\/kryptogenesis.com.co\/kportal\/telsec\/\" class=\"link-icon\" >\t\t\t\t\t<div class=\"circle-icon icon-style-set\" style=\"background-image: url(https:\/\/kryptogenesis.com.co\/kportal\/wp-content\/uploads\/2016\/04\/telsec_icon_home.png);background-color: #ffffff\">\n\t\t\t\t\t\t\t\t\t\t\t<\/div>\n\t\t\t\t\t<\/a>\t\t\t\t<\/div>\n\t\t\t\n\t\t\t<a href=\"https:\/\/kryptogenesis.com.co\/kportal\/telsec\/\" class=\"link-title\" >\t\t\t<h4 >Telsec<\/h4>\t\t\t<\/a>\n\t\t\t<p class=\"text\" >TELSEC, es una organizaci\u00f3n especializada en el \u00e1rea de servicios e infraestructura tecnol\u00f3gica, en la que proporciona soluciones totales que van desde el dise\u00f1o a la implementaci\u00f3n e incluye el suministro y soporte de software y hardware de acuerdo al caso<\/p>\t\t\t\t\t\t\t<a href=\"https:\/\/kryptogenesis.com.co\/kportal\/telsec\/\" class=\"more-button\" >Ver M\u00e1s <i><\/i><\/a>\n\t\t\t\t\t<\/div>\n\t\t<\/div><\/div><\/div><div id=\"pg-231-1\"  class=\"panel-grid panel-has-style\" ><div class=\"wide-grey panel-row-style panel-row-style-for-231-1\" ><div id=\"pgc-231-1-0\"  class=\"panel-grid-cell\" ><div id=\"panel-231-1-0-0\" class=\"so-panel widget widget_headline-widget panel-first-child panel-last-child\" data-index=\"3\" >\t\t<h1><\/h1>\n\t\t<div class=\"decoration\"><div class=\"decoration-inside\"><\/div><\/div>\n\t\t<h3><p style=\"text-align: center\"><span style=\"font-size: large;font-family: 'andale mono', times\"><em><strong>Somos una empresa <span style=\"color: #ff6600\">Colombiana<\/span>, con amplia experiencia en la soluci&oacute;n de problemas en el &aacute;rea de la seguridad de la informaci&oacute;n.<\/strong><\/em><\/span><\/p><\/h3>\n\t\t<\/div><\/div><\/div><\/div><div id=\"pg-231-2\"  class=\"panel-grid panel-no-style\" ><div id=\"pgc-231-2-0\"  class=\"panel-grid-cell panel-grid-cell-empty\" ><\/div><div id=\"pgc-231-2-1\"  class=\"panel-grid-cell\" ><div id=\"panel-231-2-1-0\" class=\"so-panel widget widget_circleicon-widget panel-first-child\" data-index=\"4\" >\t\t<div class=\"circle-icon-box circle-icon-position-top circle-icon-hide-box circle-icon-size-medium \">\n\t\t\t\t\t\t\t<div class=\"circle-icon-wrapper\">\n\t\t\t\t\t<a href=\"https:\/\/kryptogenesis.com.co\/kportal\/capacitaciones-2\/\" class=\"link-icon\" >\t\t\t\t\t<div class=\"circle-icon icon-style-set\" style=\"background-image: url(https:\/\/kryptogenesis.com.co\/kportal\/wp-content\/uploads\/2016\/04\/capacitaciones-icon-home-kryptogenesis.png);background-color: #ffffff\">\n\t\t\t\t\t\t\t\t\t\t\t<\/div>\n\t\t\t\t\t<\/a>\t\t\t\t<\/div>\n\t\t\t\n\t\t\t<a href=\"https:\/\/kryptogenesis.com.co\/kportal\/capacitaciones-2\/\" class=\"link-title\" >\t\t\t<h4 >Capacitaciones<\/h4>\t\t\t<\/a>\n\t\t\t<p class=\"text\" ><p style=\"text-align: justify\"><span style=\"font-family: 'times new roman', times\"><em><strong><em><strong>Actualmente Kryptog&eacute;nesis ofrece los siguientes diplomados y capacitaciones:<\/strong><\/em><br \/><\/strong><\/em><\/span><\/p><\/p>\t\t\t\t\t\t\t<a href=\"https:\/\/kryptogenesis.com.co\/kportal\/capacitaciones-2\/\" class=\"more-button\" >Ver M\u00e1s <i><\/i><\/a>\n\t\t\t\t\t<\/div>\n\t\t<\/div><div id=\"panel-231-2-1-1\" class=\"so-panel widget widget_text\" data-index=\"5\" >\t\t\t<div class=\"textwidget\"><a href=\"https:\/\/kryptogenesis.com.co\/kportal\/capacitaciones-2\/\" target=\"_blank\"><img loading=\"lazy\" decoding=\"async\" class=\"size-full wp-image-250 aligncenter\" src=\"https:\/\/kryptogenesis.com.co\/kportal\/wp-content\/uploads\/2016\/04\/capacitaciones-kryptogenesis.png\" alt=\"capacitaciones-kryptogenesis\" width=\"250\" height=\"260\" \/><\/a>\n<\/div>\n\t\t<\/div><div id=\"panel-231-2-1-2\" class=\"so-panel widget widget_circleicon-widget panel-last-child\" data-index=\"6\" >\t\t<div class=\"circle-icon-box circle-icon-position-top circle-icon-hide-box circle-icon-size-medium \">\n\t\t\t\t\t\t\t<div class=\"circle-icon-wrapper\">\n\t\t\t\t\t<a href=\"https:\/\/kryptogenesis.com.co\/kportal\/auditoria-en-seguridad-de-la-informacion\/\" class=\"link-icon\" >\t\t\t\t\t<div class=\"circle-icon icon-style-set\" style=\"background-image: url(https:\/\/kryptogenesis.com.co\/kportal\/wp-content\/uploads\/2016\/04\/auditoria-icon-home-kryptogenesis.png);background-color: #ffffff\">\n\t\t\t\t\t\t\t\t\t\t\t<\/div>\n\t\t\t\t\t<\/a>\t\t\t\t<\/div>\n\t\t\t\n\t\t\t<a href=\"https:\/\/kryptogenesis.com.co\/kportal\/auditoria-en-seguridad-de-la-informacion\/\" class=\"link-title\" >\t\t\t<h4 >Auditor\u00eda en Seguridad de la Informaci\u00f3n <\/h4>\t\t\t<\/a>\n\t\t\t<p class=\"text\" ><p style=\"text-align: justify\"><span style=\"font-family: 'times new roman', times\"><em><strong><span>La evoluci&oacute;n obliga a un cambio constante para que las organizaciones mantengan la ventaja competitiva de los avances tecnol&oacute;gicos en el manejo del negocio.<\/span><\/strong><\/em><\/span><\/p><\/p>\t\t\t\t\t\t\t<a href=\"https:\/\/kryptogenesis.com.co\/kportal\/auditoria-en-seguridad-de-la-informacion\/\" class=\"more-button\" >Ver M\u00e1s <i><\/i><\/a>\n\t\t\t\t\t<\/div>\n\t\t<\/div><\/div><div id=\"pgc-231-2-2\"  class=\"panel-grid-cell\" ><div id=\"panel-231-2-2-0\" class=\"so-panel widget widget_circleicon-widget panel-first-child\" data-index=\"7\" >\t\t<div class=\"circle-icon-box circle-icon-position-top circle-icon-hide-box circle-icon-size-medium \">\n\t\t\t\t\t\t\t<div class=\"circle-icon-wrapper\">\n\t\t\t\t\t<a href=\"https:\/\/kryptogenesis.com.co\/kportal\/informatica-forense\/\" class=\"link-icon\" >\t\t\t\t\t<div class=\"circle-icon icon-style-set\" style=\"background-image: url(https:\/\/kryptogenesis.com.co\/kportal\/wp-content\/uploads\/2016\/04\/analisis-forense-icon-home-kryptogenesis.png);background-color: #ffffff\">\n\t\t\t\t\t\t\t\t\t\t\t<\/div>\n\t\t\t\t\t<\/a>\t\t\t\t<\/div>\n\t\t\t\n\t\t\t<a href=\"https:\/\/kryptogenesis.com.co\/kportal\/informatica-forense\/\" class=\"link-title\" >\t\t\t<h4 >An\u00e1lisis Forense<\/h4>\t\t\t<\/a>\n\t\t\t<p class=\"text\" ><p style=\"text-align: justify\"><span style=\"font-family: 'times new roman', times;font-size: small\"><em><strong style=\"text-align: justify\">El servicio de an&aacute;lisis forense es la soluci&oacute;n ideal para las organizaciones que se enfrentan a la necesidad de llevar a cabo un proceso investigativo.<\/strong><\/em><\/span><\/p><\/p>\t\t\t\t\t\t\t<a href=\"https:\/\/kryptogenesis.com.co\/kportal\/informatica-forense\/\" class=\"more-button\" >Ver M\u00e1s <i><\/i><\/a>\n\t\t\t\t\t<\/div>\n\t\t<\/div><div id=\"panel-231-2-2-1\" class=\"so-panel widget widget_circleicon-widget\" data-index=\"8\" >\t\t<div class=\"circle-icon-box circle-icon-position-top circle-icon-hide-box circle-icon-size-medium \">\n\t\t\t\t\t\t\t<div class=\"circle-icon-wrapper\">\n\t\t\t\t\t<a href=\"https:\/\/kryptogenesis.com.co\/kportal\/outsourcing-en-seguridad-de-la-informacion\/\" class=\"link-icon\" >\t\t\t\t\t<div class=\"circle-icon icon-style-set\" style=\"background-image: url(https:\/\/kryptogenesis.com.co\/kportal\/wp-content\/uploads\/2016\/04\/outsourcing-en-seguridad-de-la-informacion-icon-home-kryptogenesis.png);background-color: #ffffff\">\n\t\t\t\t\t\t\t\t\t\t\t<\/div>\n\t\t\t\t\t<\/a>\t\t\t\t<\/div>\n\t\t\t\n\t\t\t<a href=\"https:\/\/kryptogenesis.com.co\/kportal\/outsourcing-en-seguridad-de-la-informacion\/\" class=\"link-title\" >\t\t\t<h4 >Outsourcing en Seguridad de la Informaci\u00f3n<\/h4>\t\t\t<\/a>\n\t\t\t<p class=\"text\" ><p style=\"text-align: justify\"><em style=\"font-family: 'times new roman', times;font-size: small\"><em><strong><span>Kryptog&eacute;nesis IT Security, ofrece el servicio de outsourcing a las diferentes organizaciones enfocado al fortalecimiento de tres principios claves: confidencialidad, integridad y disponibilidad.<\/span><\/strong><\/em><\/em><\/p><\/p>\t\t\t\t\t\t\t<a href=\"https:\/\/kryptogenesis.com.co\/kportal\/outsourcing-en-seguridad-de-la-informacion\/\" class=\"more-button\" >Ver M\u00e1s <i><\/i><\/a>\n\t\t\t\t\t<\/div>\n\t\t<\/div><div id=\"panel-231-2-2-2\" class=\"so-panel widget widget_circleicon-widget panel-last-child\" data-index=\"9\" >\t\t<div class=\"circle-icon-box circle-icon-position-top circle-icon-hide-box circle-icon-size-medium \">\n\t\t\t\t\t\t\t<div class=\"circle-icon-wrapper\">\n\t\t\t\t\t<a href=\"https:\/\/kryptogenesis.com.co\/kportal\/seguridad-de-la-informacion-2\/\" class=\"link-icon\" >\t\t\t\t\t<div class=\"circle-icon icon-style-set\" style=\"background-image: url(https:\/\/kryptogenesis.com.co\/kportal\/wp-content\/uploads\/2016\/04\/consultoria-en-seguridad-de-la-informacion-icon-home-kryptogenesis.png);background-color: #ffffff\">\n\t\t\t\t\t\t\t\t\t\t\t<\/div>\n\t\t\t\t\t<\/a>\t\t\t\t<\/div>\n\t\t\t\n\t\t\t<a href=\"https:\/\/kryptogenesis.com.co\/kportal\/seguridad-de-la-informacion-2\/\" class=\"link-title\" >\t\t\t<h4 >Consultor\u00eda en Seguridad de la Informaci\u00f3n<\/h4>\t\t\t<\/a>\n\t\t\t<p class=\"text\" ><p style=\"text-align: justify\"><span style=\"font-family: 'times new roman', times;font-size: x-small\"><em><strong>Kryptog&eacute;nesis IT Security, ofrece el servicio de consultor&iacute;a en seguridad de la informaci&oacute;n, teniendo como principio proporcionarle a las diferentes organizaciones un conjunto de buenas pr&aacute;cticas.<\/strong><\/em><\/span><\/p><\/p>\t\t\t\t\t\t\t<a href=\"https:\/\/kryptogenesis.com.co\/kportal\/seguridad-de-la-informacion-2\/\" class=\"more-button\" >Ver M\u00e1s <i><\/i><\/a>\n\t\t\t\t\t<\/div>\n\t\t<\/div><\/div><div id=\"pgc-231-2-3\"  class=\"panel-grid-cell\" ><div id=\"panel-231-2-3-0\" class=\"so-panel widget widget_circleicon-widget panel-first-child\" data-index=\"10\" >\t\t<div class=\"circle-icon-box circle-icon-position-top circle-icon-hide-box circle-icon-size-medium \">\n\t\t\t\t\t\t\t<div class=\"circle-icon-wrapper\">\n\t\t\t\t\t<a href=\"https:\/\/kryptogenesis.com.co\/kportal\/gestion-de-servicios-iso-20000\/\" class=\"link-icon\" >\t\t\t\t\t<div class=\"circle-icon icon-style-set\" style=\"background-image: url(https:\/\/kryptogenesis.com.co\/kportal\/wp-content\/uploads\/2016\/04\/iso-20000-icon-home-kryptogenesis.png);background-color: #ffffff\">\n\t\t\t\t\t\t\t\t\t\t\t<\/div>\n\t\t\t\t\t<\/a>\t\t\t\t<\/div>\n\t\t\t\n\t\t\t<a href=\"https:\/\/kryptogenesis.com.co\/kportal\/gestion-de-servicios-iso-20000\/\" class=\"link-title\" >\t\t\t<h4 >Consultor\u00eda en Gesti\u00f3n de Servicios ISO 20000<\/h4>\t\t\t<\/a>\n\t\t\t<p class=\"text\" ><p style=\"text-align: justify\"><em style=\"font-family: 'times new roman', times;font-size: small\"><strong><span style=\"font-family: 'times new roman', times;font-size: small\">La consultor&iacute;a en gesti&oacute;n de servicios ISO 20000, est&aacute; orientada a la mejora de resultados de las organizaciones, mediante herramientas estrat&eacute;gicas<\/span><\/strong><\/em><\/p><\/p>\t\t\t\t\t\t\t<a href=\"https:\/\/kryptogenesis.com.co\/kportal\/gestion-de-servicios-iso-20000\/\" class=\"more-button\" >Ver M\u00e1s <i><\/i><\/a>\n\t\t\t\t\t<\/div>\n\t\t<\/div><div id=\"panel-231-2-3-1\" class=\"so-panel widget widget_circleicon-widget\" data-index=\"11\" >\t\t<div class=\"circle-icon-box circle-icon-position-top circle-icon-hide-box circle-icon-size-medium \">\n\t\t\t\t\t\t\t<div class=\"circle-icon-wrapper\">\n\t\t\t\t\t<a href=\"https:\/\/kryptogenesis.com.co\/kportal\/desarrollo-de-aplicaciones\/\" class=\"link-icon\" >\t\t\t\t\t<div class=\"circle-icon icon-style-set\" style=\"background-image: url(https:\/\/kryptogenesis.com.co\/kportal\/wp-content\/uploads\/2016\/04\/desarrollo-aplicaciones-icon-home-kryptogenesis.png);background-color: #ffffff\">\n\t\t\t\t\t\t\t\t\t\t\t<\/div>\n\t\t\t\t\t<\/a>\t\t\t\t<\/div>\n\t\t\t\n\t\t\t<a href=\"https:\/\/kryptogenesis.com.co\/kportal\/desarrollo-de-aplicaciones\/\" class=\"link-title\" >\t\t\t<h4 >Desarrollo de Aplicaciones<\/h4>\t\t\t<\/a>\n\t\t\t<p class=\"text\" ><p style=\"text-align: justify\"><span style=\"font-family: 'times new roman', times\"><em><strong><em><strong><span>Kryptog&eacute;nesis IT Security, tiene a la disposici&oacute;n de sus clientes un conjunto de servicios orientados al desarrollo de aplicaciones que cumplan con los requerimientos y est&aacute;ndares de seguridad .<\/span><\/strong><\/em><br \/><\/strong><\/em><\/span><\/p><\/p>\t\t\t\t\t\t\t<a href=\"https:\/\/kryptogenesis.com.co\/kportal\/desarrollo-de-aplicaciones\/\" class=\"more-button\" >Ver M\u00e1s <i><\/i><\/a>\n\t\t\t\t\t<\/div>\n\t\t<\/div><div id=\"panel-231-2-3-2\" class=\"so-panel widget widget_circleicon-widget panel-last-child\" data-index=\"12\" >\t\t<div class=\"circle-icon-box circle-icon-position-top circle-icon-hide-box circle-icon-size-medium \">\n\t\t\t\t\t\t\t<div class=\"circle-icon-wrapper\">\n\t\t\t\t\t<a href=\"https:\/\/kryptogenesis.com.co\/kportal\/seguridad-de-la-informacion\/\" class=\"link-icon\" >\t\t\t\t\t<div class=\"circle-icon icon-style-set\" style=\"background-image: url(https:\/\/kryptogenesis.com.co\/kportal\/wp-content\/uploads\/2016\/04\/seguridad-tecnica-icon-home-kryptogenesis.png);background-color: #ffffff\">\n\t\t\t\t\t\t\t\t\t\t\t<\/div>\n\t\t\t\t\t<\/a>\t\t\t\t<\/div>\n\t\t\t\n\t\t\t<a href=\"https:\/\/kryptogenesis.com.co\/kportal\/seguridad-de-la-informacion\/\" class=\"link-title\" >\t\t\t<h4 >Consultor\u00eda en Seguridad T\u00e9cnica<\/h4>\t\t\t<\/a>\n\t\t\t<p class=\"text\" ><p style=\"text-align: justify\"><em style=\"font-family: 'times new roman', times;font-size: x-small\"><strong>El servicio de consultor&iacute;a en seguridad t&eacute;cnica, est&aacute; enfocado en proporcionarle a las organizaciones m&eacute;todos para proteger sus dispositivos hardware que pueden ser sensibles o confidenciales<\/strong><\/em><\/p><\/p>\t\t\t\t\t\t\t<a href=\"https:\/\/kryptogenesis.com.co\/kportal\/seguridad-de-la-informacion\/\" class=\"more-button\" >Ver M\u00e1s <i><\/i><\/a>\n\t\t\t\t\t<\/div>\n\t\t<\/div><\/div><\/div><div id=\"pg-231-3\"  class=\"panel-grid panel-no-style\" ><div id=\"pgc-231-3-0\"  class=\"panel-grid-cell\" ><div id=\"panel-231-3-0-0\" class=\"so-panel widget widget_text panel-first-child panel-last-child\" data-index=\"13\" ><h3 class=\"widget-title\">Directorio<\/h3>\t\t\t<div class=\"textwidget\"><p><img loading=\"lazy\" decoding=\"async\" class=\"size-full wp-image-68 aligncenter\" src=\"https:\/\/kryptogenesis.com.co\/kportal\/wp-content\/uploads\/2016\/01\/Conta_Datos_Small.png\" alt=\"Conta_Datos_Small\" width=\"250\" height=\"108\" \/><\/p>\n<\/div>\n\t\t<\/div><\/div><div id=\"pgc-231-3-1\"  class=\"panel-grid-cell\" ><div id=\"panel-231-3-1-0\" class=\"so-panel widget widget_text panel-first-child panel-last-child\" data-index=\"14\" ><h3 class=\"widget-title\">Ubicaci\u00f3n<\/h3>\t\t\t<div class=\"textwidget\"><p><iframe style=\"border: 0;\" src=\"https:\/\/www.google.com\/maps\/embed?pb=!1m18!1m12!1m3!1d3976.590788128615!2d-74.06210568487234!3d4.666814543248989!2m3!1f0!2f0!3f0!3m2!1i1024!2i768!4f13.1!3m3!1m2!1s0x8e3f9af60ebd2bdd%3A0xc56952fcd42888fa!2sCra.+19a+%2379-18%2C+Bogot%C3%A1%2C+Colombia!5e0!3m2!1ses-419!2ses!4v1451708079556\" frameborder=\"0\" allowfullscreen=\"allowfullscreen\"><\/iframe><\/p>\n<\/div>\n\t\t<\/div><\/div><div id=\"pgc-231-3-2\"  class=\"panel-grid-cell\" ><div id=\"panel-231-3-2-0\" class=\"so-panel widget widget_text panel-first-child panel-last-child\" data-index=\"15\" ><h3 class=\"widget-title\">\u00bfDesea saber m\u00e1s informaci\u00f3n sobre nosotros? Cont\u00e1ctenos<\/h3>\t\t\t<div class=\"textwidget\"><p><a href=\"https:\/\/kryptogenesis.com.co\/kportal\/cotizador\/\" target=\"_blank\"><img loading=\"lazy\" decoding=\"async\" class=\"alignnone size-full wp-image-351 aligncenter\" src=\"https:\/\/kryptogenesis.com.co\/kportal\/wp-content\/uploads\/2016\/01\/cotice_aqui-kryptogenesis.gif\" alt=\"cotice_aqui-kryptogenesis\" width=\"171\" height=\"42\" \/><\/a><\/p>\n<\/div>\n\t\t<\/div><\/div><\/div><\/div>","protected":false},"excerpt":{"rendered":"<p>Kryptog\u00e9nesis Somos una empresa Colombiana, con amplia experiencia en la soluci\u00f3n de problemas en el \u00e1rea de la seguridad de la informaci\u00f3n, garantizando un crecimiento empresarial a nuestros clientes. Ver M\u00e1s It Group IT GROUP nace como una soluci\u00f3n eficaz dentro del mercado de desarrollo y producci\u00f3n inform\u00e1tica con soluciones al alcance del consumidor. Ver [&hellip;]<\/p>\n","protected":false},"author":1,"featured_media":0,"parent":0,"menu_order":0,"comment_status":"closed","ping_status":"closed","template":"home-panels.php","meta":{"footnotes":""},"class_list":["post-231","page","type-page","status-publish","hentry","post"],"_links":{"self":[{"href":"https:\/\/kryptogenesis.com.co\/index.php?rest_route=\/wp\/v2\/pages\/231","targetHints":{"allow":["GET"]}}],"collection":[{"href":"https:\/\/kryptogenesis.com.co\/index.php?rest_route=\/wp\/v2\/pages"}],"about":[{"href":"https:\/\/kryptogenesis.com.co\/index.php?rest_route=\/wp\/v2\/types\/page"}],"author":[{"embeddable":true,"href":"https:\/\/kryptogenesis.com.co\/index.php?rest_route=\/wp\/v2\/users\/1"}],"replies":[{"embeddable":true,"href":"https:\/\/kryptogenesis.com.co\/index.php?rest_route=%2Fwp%2Fv2%2Fcomments&post=231"}],"version-history":[{"count":0,"href":"https:\/\/kryptogenesis.com.co\/index.php?rest_route=\/wp\/v2\/pages\/231\/revisions"}],"wp:attachment":[{"href":"https:\/\/kryptogenesis.com.co\/index.php?rest_route=%2Fwp%2Fv2%2Fmedia&parent=231"}],"curies":[{"name":"wp","href":"https:\/\/api.w.org\/{rel}","templated":true}]}}